{"id":8931,"date":"2021-02-25T20:59:09","date_gmt":"2021-02-25T19:59:09","guid":{"rendered":"https:\/\/netevolution.ca\/?page_id=8931"},"modified":"2026-01-31T17:22:59","modified_gmt":"2026-01-31T16:22:59","slug":"expertises","status":"publish","type":"page","link":"http:\/\/netevolution.ca\/en\/expertises\/","title":{"rendered":"Expertises"},"content":{"rendered":"","protected":false},"excerpt":{"rendered":"","protected":false},"author":1,"featured_media":0,"parent":0,"menu_order":0,"comment_status":"closed","ping_status":"closed","template":"template-expertises.php","meta":{"_acf_changed":false,"footnotes":""},"class_list":["post-8931","page","type-page","status-publish","hentry"],"acf":[],"yoast_head":"<!-- This site is optimized with the Yoast SEO plugin v26.8 - https:\/\/yoast.com\/product\/yoast-seo-wordpress\/ -->\n<title>Expertises - Net &Eacute;volution<\/title>\n<meta name=\"description\" content=\"D\u00e9couvrez nos expertises en nettoyage de conduits de ventilation pour le secteur r\u00e9sidentiel, commercial et industriel. Assurez une qualit\u00e9 d\u2019air optimale avec Net \u00c9volution.\" \/>\n<meta name=\"robots\" content=\"index, follow, max-snippet:-1, max-image-preview:large, max-video-preview:-1\" \/>\n<link rel=\"canonical\" href=\"http:\/\/netevolution.ca\/en\/expertises\/\" \/>\n<meta property=\"og:locale\" content=\"en_US\" \/>\n<meta property=\"og:type\" content=\"article\" \/>\n<meta property=\"og:title\" content=\"Expertises - Net &Eacute;volution\" \/>\n<meta property=\"og:description\" content=\"D\u00e9couvrez nos expertises en nettoyage de conduits de ventilation pour le secteur r\u00e9sidentiel, commercial et industriel. Assurez une qualit\u00e9 d\u2019air optimale avec Net \u00c9volution.\" \/>\n<meta property=\"og:url\" content=\"http:\/\/netevolution.ca\/en\/expertises\/\" \/>\n<meta property=\"og:site_name\" content=\"Net &Eacute;volution\" \/>\n<meta property=\"article:modified_time\" content=\"2026-01-31T16:22:59+00:00\" \/>\n<meta name=\"twitter:card\" content=\"summary_large_image\" \/>\n<script type=\"application\/ld+json\" class=\"yoast-schema-graph\">{\"@context\":\"https:\/\/schema.org\",\"@graph\":[{\"@type\":\"WebPage\",\"@id\":\"http:\/\/netevolution.ca\/en\/expertises\/\",\"url\":\"http:\/\/netevolution.ca\/en\/expertises\/\",\"name\":\"Expertises - Net &Eacute;volution\",\"isPartOf\":{\"@id\":\"http:\/\/netevolution.ca\/#website\"},\"datePublished\":\"2021-02-25T19:59:09+00:00\",\"dateModified\":\"2026-01-31T16:22:59+00:00\",\"description\":\"D\u00e9couvrez nos expertises en nettoyage de conduits de ventilation pour le secteur r\u00e9sidentiel, commercial et industriel. Assurez une qualit\u00e9 d\u2019air optimale avec Net \u00c9volution.\",\"inLanguage\":\"en-US\",\"potentialAction\":[{\"@type\":\"ReadAction\",\"target\":[\"http:\/\/netevolution.ca\/en\/expertises\/\"]}]},{\"@type\":\"WebSite\",\"@id\":\"http:\/\/netevolution.ca\/#website\",\"url\":\"http:\/\/netevolution.ca\/\",\"name\":\"Net \u00c9volution\",\"description\":\"Nettoyage Entretient Technique\",\"potentialAction\":[{\"@type\":\"SearchAction\",\"target\":{\"@type\":\"EntryPoint\",\"urlTemplate\":\"http:\/\/netevolution.ca\/?s={search_term_string}\"},\"query-input\":{\"@type\":\"PropertyValueSpecification\",\"valueRequired\":true,\"valueName\":\"search_term_string\"}}],\"inLanguage\":\"en-US\"}]}<\/script>\n<!-- \/ Yoast SEO plugin. -->","yoast_head_json":{"title":"Expertises - Net &Eacute;volution","description":"D\u00e9couvrez nos expertises en nettoyage de conduits de ventilation pour le secteur r\u00e9sidentiel, commercial et industriel. Assurez une qualit\u00e9 d\u2019air optimale avec Net \u00c9volution.","robots":{"index":"index","follow":"follow","max-snippet":"max-snippet:-1","max-image-preview":"max-image-preview:large","max-video-preview":"max-video-preview:-1"},"canonical":"http:\/\/netevolution.ca\/en\/expertises\/","og_locale":"en_US","og_type":"article","og_title":"Expertises - Net &Eacute;volution","og_description":"D\u00e9couvrez nos expertises en nettoyage de conduits de ventilation pour le secteur r\u00e9sidentiel, commercial et industriel. Assurez une qualit\u00e9 d\u2019air optimale avec Net \u00c9volution.","og_url":"http:\/\/netevolution.ca\/en\/expertises\/","og_site_name":"Net &Eacute;volution","article_modified_time":"2026-01-31T16:22:59+00:00","twitter_card":"summary_large_image","schema":{"@context":"https:\/\/schema.org","@graph":[{"@type":"WebPage","@id":"http:\/\/netevolution.ca\/en\/expertises\/","url":"http:\/\/netevolution.ca\/en\/expertises\/","name":"Expertises - Net &Eacute;volution","isPartOf":{"@id":"http:\/\/netevolution.ca\/#website"},"datePublished":"2021-02-25T19:59:09+00:00","dateModified":"2026-01-31T16:22:59+00:00","description":"D\u00e9couvrez nos expertises en nettoyage de conduits de ventilation pour le secteur r\u00e9sidentiel, commercial et industriel. Assurez une qualit\u00e9 d\u2019air optimale avec Net \u00c9volution.","inLanguage":"en-US","potentialAction":[{"@type":"ReadAction","target":["http:\/\/netevolution.ca\/en\/expertises\/"]}]},{"@type":"WebSite","@id":"http:\/\/netevolution.ca\/#website","url":"http:\/\/netevolution.ca\/","name":"Net \u00c9volution","description":"Nettoyage Entretient Technique","potentialAction":[{"@type":"SearchAction","target":{"@type":"EntryPoint","urlTemplate":"http:\/\/netevolution.ca\/?s={search_term_string}"},"query-input":{"@type":"PropertyValueSpecification","valueRequired":true,"valueName":"search_term_string"}}],"inLanguage":"en-US"}]}},"_links":{"self":[{"href":"http:\/\/netevolution.ca\/en\/wp-json\/wp\/v2\/pages\/8931","targetHints":{"allow":["GET"]}}],"collection":[{"href":"http:\/\/netevolution.ca\/en\/wp-json\/wp\/v2\/pages"}],"about":[{"href":"http:\/\/netevolution.ca\/en\/wp-json\/wp\/v2\/types\/page"}],"author":[{"embeddable":true,"href":"http:\/\/netevolution.ca\/en\/wp-json\/wp\/v2\/users\/1"}],"replies":[{"embeddable":true,"href":"http:\/\/netevolution.ca\/en\/wp-json\/wp\/v2\/comments?post=8931"}],"version-history":[{"count":2,"href":"http:\/\/netevolution.ca\/en\/wp-json\/wp\/v2\/pages\/8931\/revisions"}],"predecessor-version":[{"id":8978,"href":"http:\/\/netevolution.ca\/en\/wp-json\/wp\/v2\/pages\/8931\/revisions\/8978"}],"wp:attachment":[{"href":"http:\/\/netevolution.ca\/en\/wp-json\/wp\/v2\/media?parent=8931"}],"curies":[{"name":"wp","href":"https:\/\/api.w.org\/{rel}","templated":true}]}}